{"id":8920,"date":"2023-11-02T18:14:16","date_gmt":"2023-11-02T18:14:16","guid":{"rendered":"https:\/\/puidukoda.eu\/tooandja\/"},"modified":"2025-05-30T07:35:00","modified_gmt":"2025-05-30T07:35:00","slug":"career","status":"publish","type":"page","link":"https:\/\/www.puidukoda.eu\/en\/company\/career\/","title":{"rendered":"Career"},"content":{"rendered":"\n<div class=\"wp-block-columns is-layout-flex wp-container-core-columns-is-layout-9d6595d7 wp-block-columns-is-layout-flex\">\n<div class=\"wp-block-column is-layout-flow wp-block-column-is-layout-flow\">\n<figure class=\"wp-block-image size-full\"><img loading=\"lazy\" decoding=\"async\" width=\"536\" height=\"408\" src=\"https:\/\/puidukoda.eu\/wp-content\/uploads\/2023\/11\/img-test.jpg\" alt=\"\" class=\"wp-image-157\" srcset=\"https:\/\/www.puidukoda.eu\/wp-content\/uploads\/2023\/11\/img-test.jpg 536w, https:\/\/www.puidukoda.eu\/wp-content\/uploads\/2023\/11\/img-test-416x317.jpg 416w\" sizes=\"auto, (max-width: 536px) 100vw, 536px\" \/><\/figure>\n<\/div>\n\n\n\n<div class=\"wp-block-column is-layout-flow wp-block-column-is-layout-flow\">\n<h3 class=\"wp-block-heading\"><strong>Puidukoda as an employer<\/strong><\/h3>\n\n\n\n<p>Puidukoda is a company that engages their employees to come to work positively charged and leave with a sense of joy and satisfaction at the end of the day. We offer challenging work, great team dynamics, an opportunity to develop yourself and achieve results in a development-oriented company. We are characterized by a people-oriented organisational culture and responsibility.<br> To have reached our <a href=\"https:\/\/www.puidukoda.eu\/en\/products\/\">products<\/a> being available to over 40 countries, it has taken the contribution of all of our employees, from the active sales managers, eagle-eyed planer masters, conscientious line operators, precise forklift drivers, competent logistics assistants, acute accountants as well as an inspiring management team.<\/p>\n\n\n\n<p><strong>Our values<\/strong><br>It is important for us that we do our work happily and with dedication. If you feel that you want to make the world more colorful, you are welcome to join our <a href=\"https:\/\/www.puidukoda.eu\/en\/company\/meeskond\/\">team<\/a>.<\/p>\n<\/div>\n<\/div>\n\n\n\n<div class=\"wp-block-columns is-layout-flex wp-container-core-columns-is-layout-9d6595d7 wp-block-columns-is-layout-flex\">\n<div class=\"wp-block-column is-layout-flow wp-block-column-is-layout-flow\">\n<figure class=\"wp-block-embed is-type-video is-provider-youtube wp-block-embed-youtube wp-embed-aspect-16-9 wp-has-aspect-ratio\"><div class=\"wp-block-embed__wrapper\">\n<iframe loading=\"lazy\" title=\"Aasta \u00d5ppijas\u00f5bralik T\u00f6\u00f6andja 2020  Puidukoda O\u00dc\" width=\"500\" height=\"281\" src=\"https:\/\/www.youtube.com\/embed\/wNJCaUyo2v8?feature=oembed\" frameborder=\"0\" allow=\"accelerometer; autoplay; clipboard-write; encrypted-media; gyroscope; picture-in-picture; web-share\" referrerpolicy=\"strict-origin-when-cross-origin\" allowfullscreen><\/iframe>\n<\/div><\/figure>\n<\/div>\n\n\n\n<div class=\"wp-block-column is-layout-flow wp-block-column-is-layout-flow\">\n<h2 class=\"wp-block-heading\">Learning friendly employer of the year 2020<\/h2>\n\n\n\n<p>We are located in <a href=\"https:\/\/www.puidukoda.eu\/en\/contact\/\">Karksi<\/a>, Viljandi County, and we are one of the largest employers in the region, but at the same time our location is also our disadvantage, as it is difficult to find employees. As a result, we do our best to ensure that team members grow and develop inside our company and we are motivated to explore and learn more in our field of activity. Our goal is to ensure <a href=\"https:\/\/www.puidukoda.eu\/en\/company\/responsible-business\/\">sustainability<\/a> and consistency throughout the organisation. Supporting learning and self-development undoubtedly creates this.<\/p>\n<\/div>\n<\/div>\n\n\n\n<h2 class=\"wp-block-heading\">Why work in Puidukoda O\u00dc?<\/h2>\n\n\n\n<p>Puidukoda O\u00dc is a well-established company in the timber <a href=\"https:\/\/www.puidukoda.eu\/en\/company\/factories\/\">industry<\/a>, operating since 1997. As one of the largest producers of Nordic softwood planed timber in the Baltics, we offer exciting career opportunities in timber production and beyond.<\/p>\n\n\n\n<p>Our high-quality wood products are recognized worldwide, with 80% of our output exported to Europe, Asia, the Middle East, and America. In 2024, our company&#8217;s turnover exceeded 55 million euros, reflecting our strong market position and commitment to innovation.<\/p>\n\n\n\n<p>By joining Puidukoda, you\u2019ll become part of a dedicated team of nearly 100 colleagues at our facility in Karksi, Viljandi County. We provide a supportive work environment, career growth opportunities, and the chance to be part of a company shaping the future of sustainable timber production.<\/p>\n\n\n\n<p>If you&#8217;re looking for a dynamic and rewarding career in the timber sector, Puidukoda is the place for you!<\/p>\n\n\n\n<p><br><\/p>\n\n\n\n<div class=\"wp-block-columns is-layout-flex wp-container-core-columns-is-layout-9d6595d7 wp-block-columns-is-layout-flex\">\n<div class=\"wp-block-column is-layout-flow wp-block-column-is-layout-flow\">\n<figure class=\"wp-block-image size-full\"><img loading=\"lazy\" decoding=\"async\" width=\"400\" height=\"160\" src=\"https:\/\/puidukoda.eu\/wp-content\/uploads\/2023\/11\/image-3-1.png\" alt=\"\" class=\"wp-image-168\"\/><\/figure>\n\n\n\n<p class=\"has-text-align-center\"> <strong>Opportunity to fulfill yourself<\/strong><br>We provide comprehensive training and enable You to move forward within the organization.<\/p>\n<\/div>\n\n\n\n<div class=\"wp-block-column is-layout-flow wp-block-column-is-layout-flow\">\n<figure class=\"wp-block-image size-full\"><img loading=\"lazy\" decoding=\"async\" width=\"400\" height=\"160\" src=\"https:\/\/puidukoda.eu\/wp-content\/uploads\/2023\/11\/image-4.png\" alt=\"\" class=\"wp-image-169\"\/><\/figure>\n\n\n\n<p class=\"has-text-align-center\"> <strong>We spend time with the team<\/strong><br>Whether it\u2019s orientating, birthday celebrations, picnics, a Swedish cruise or something else.<\/p>\n<\/div>\n\n\n\n<div class=\"wp-block-column is-layout-flow wp-block-column-is-layout-flow\">\n<figure class=\"wp-block-image size-full\"><img loading=\"lazy\" decoding=\"async\" width=\"400\" height=\"160\" src=\"https:\/\/puidukoda.eu\/wp-content\/uploads\/2023\/11\/image-1-copy.png\" alt=\"\" class=\"wp-image-167\"\/><\/figure>\n\n\n\n<p class=\"has-text-align-center\"> <strong>We support the health of our employees<\/strong><br>We support your sports activities, provide regular massage, health checks, and proper work clothes.<\/p>\n<\/div>\n\n\n\n<div class=\"wp-block-column is-layout-flow wp-block-column-is-layout-flow\">\n<figure class=\"wp-block-image size-full\"><img loading=\"lazy\" decoding=\"async\" width=\"400\" height=\"160\" src=\"https:\/\/puidukoda.eu\/wp-content\/uploads\/2023\/11\/image-5.png\" alt=\"\" class=\"wp-image-170\"\/><\/figure>\n\n\n\n<p class=\"has-text-align-center\"><strong>Free weekends<\/strong><br>We work from Monday to Friday in two shifts (6:00-14:30 and 14:30-23:00).<\/p>\n<\/div>\n\n\n\n<div class=\"wp-block-column is-layout-flow wp-block-column-is-layout-flow\">\n<figure class=\"wp-block-image size-full\"><img loading=\"lazy\" decoding=\"async\" width=\"400\" height=\"160\" src=\"https:\/\/puidukoda.eu\/wp-content\/uploads\/2023\/11\/image-5-copy.png\" alt=\"\" class=\"wp-image-171\"\/><\/figure>\n\n\n\n<p class=\"has-text-align-center\"><strong>Opportunity to shape Your salary<\/strong><br>In addition to the base salary, we offer You a performance fee depending on Your work results.<\/p>\n<\/div>\n<\/div>\n\n\n\n<div class=\"wp-block-columns is-layout-flex wp-container-core-columns-is-layout-9d6595d7 wp-block-columns-is-layout-flex\">\n<div class=\"wp-block-column is-layout-flow wp-block-column-is-layout-flow\">\n<figure class=\"wp-block-image size-full\"><img loading=\"lazy\" decoding=\"async\" width=\"2500\" height=\"1667\" src=\"https:\/\/puidukoda.eu\/wp-content\/uploads\/2024\/02\/220826_Frank_Erlend_Staub273.jpg\" alt=\"\" class=\"wp-image-8847\" srcset=\"https:\/\/www.puidukoda.eu\/wp-content\/uploads\/2024\/02\/220826_Frank_Erlend_Staub273.jpg 2500w, https:\/\/www.puidukoda.eu\/wp-content\/uploads\/2024\/02\/220826_Frank_Erlend_Staub273-800x533.jpg 800w, https:\/\/www.puidukoda.eu\/wp-content\/uploads\/2024\/02\/220826_Frank_Erlend_Staub273-300x200.jpg 300w, https:\/\/www.puidukoda.eu\/wp-content\/uploads\/2024\/02\/220826_Frank_Erlend_Staub273-1024x683.jpg 1024w, https:\/\/www.puidukoda.eu\/wp-content\/uploads\/2024\/02\/220826_Frank_Erlend_Staub273-768x512.jpg 768w, https:\/\/www.puidukoda.eu\/wp-content\/uploads\/2024\/02\/220826_Frank_Erlend_Staub273-1536x1024.jpg 1536w, https:\/\/www.puidukoda.eu\/wp-content\/uploads\/2024\/02\/220826_Frank_Erlend_Staub273-2048x1366.jpg 2048w\" sizes=\"auto, (max-width: 2500px) 100vw, 2500px\" \/><\/figure>\n<\/div>\n\n\n\n<div class=\"wp-block-column is-layout-flow wp-block-column-is-layout-flow\">\n<h2 class=\"wp-block-heading\">Our offer for you<\/h2>\n\n\n\n<ul class=\"wp-block-list\">\n<li>Training and education opportunities (according to your wishes and the needs of the company)<\/li>\n\n\n\n<li>Health and sports allowance 400 euros per year, free massage<\/li>\n\n\n\n<li>Work clothes and shoes<\/li>\n\n\n\n<li>Comprehensive medical examination, flu vaccine<\/li>\n\n\n\n<li>Company events: summer days and Christmas party, recognition of the best employees, team events from different departments and commemoration with a birthday present<\/li>\n\n\n\n<li>maintaining the average salary for reserve force trainings<\/li>\n\n\n\n<li>Offers from different cooperation partners<\/li>\n\n\n\n<li>For your children: Christmas package, 1st grader allowance, childbirth allowance, christmas party for kids<\/li>\n<\/ul>\n\n\n\n<div class=\"wp-block-columns send-cv-column is-layout-flex wp-container-core-columns-is-layout-9d6595d7 wp-block-columns-is-layout-flex\">\n<div class=\"wp-block-column is-layout-flow wp-block-column-is-layout-flow\" style=\"flex-basis:66.66%\">\n<p><strong>Contact us<\/strong><br>Information about vacancies can be obtained by writing application<\/p>\n<\/div>\n\n\n\n<div class=\"wp-block-column is-layout-flow wp-block-column-is-layout-flow\" style=\"flex-basis:33.33%\">\n<div class=\"wp-block-buttons is-layout-flex wp-block-buttons-is-layout-flex\">\n<div class=\"wp-block-button\"><a class=\"wp-block-button__link wp-element-button\" href=\"\/en\/contact\/\">Submit your CV<\/a><\/div>\n<\/div>\n<\/div>\n<\/div>\n<\/div>\n<\/div>\n","protected":false},"excerpt":{"rendered":"<p>Puidukoda as an employer Puidukoda is a company that engages their employees to come to work positively charged and leave with a sense of joy and satisfaction at the end of the day. We offer challenging work, great team dynamics, an opportunity to develop yourself and achieve results in a development-oriented company. We are characterized [&hellip;]<\/p>\n","protected":false},"author":1,"featured_media":0,"parent":8929,"menu_order":0,"comment_status":"closed","ping_status":"closed","template":"","meta":{"_acf_changed":false,"footnotes":""},"class_list":["post-8920","page","type-page","status-publish","hentry"],"acf":[],"yoast_head":"<!-- This site is optimized with the Yoast SEO plugin v27.3 - https:\/\/yoast.com\/product\/yoast-seo-wordpress\/ -->\n<title>Careers at Puidukoda - Opportunities in the Timber Industry<\/title>\n<meta name=\"description\" content=\"Join Puidukoda and build your career in the timber industry with exciting opportunities and growth potential.\" \/>\n<meta name=\"robots\" content=\"index, follow, max-snippet:-1, max-image-preview:large, max-video-preview:-1\" \/>\n<link rel=\"canonical\" href=\"https:\/\/www.puidukoda.eu\/en\/company\/career\/\" \/>\n<meta property=\"og:locale\" content=\"en_US\" \/>\n<meta property=\"og:type\" content=\"article\" \/>\n<meta property=\"og:title\" content=\"Careers at Puidukoda - Opportunities in the Timber Industry\" \/>\n<meta property=\"og:description\" content=\"Join Puidukoda and build your career in the timber industry with exciting opportunities and growth potential.\" \/>\n<meta property=\"og:url\" content=\"https:\/\/www.puidukoda.eu\/en\/company\/career\/\" \/>\n<meta property=\"og:site_name\" content=\"Puidukoda\" \/>\n<meta property=\"article:publisher\" content=\"https:\/\/www.facebook.com\/puidukoda\/\" \/>\n<meta property=\"article:modified_time\" content=\"2025-05-30T07:35:00+00:00\" \/>\n<meta property=\"og:image\" content=\"https:\/\/www.puidukoda.eu\/wp-content\/uploads\/2023\/11\/img-test.jpg\" \/>\n\t<meta property=\"og:image:width\" content=\"536\" \/>\n\t<meta property=\"og:image:height\" content=\"408\" \/>\n\t<meta property=\"og:image:type\" content=\"image\/jpeg\" \/>\n<meta name=\"twitter:card\" content=\"summary_large_image\" \/>\n<meta name=\"twitter:label1\" content=\"Est. reading time\" \/>\n\t<meta name=\"twitter:data1\" content=\"5 minutes\" \/>\n<script type=\"application\/ld+json\" class=\"yoast-schema-graph\">{\"@context\":\"https:\\\/\\\/schema.org\",\"@graph\":[{\"@type\":\"Article\",\"@id\":\"https:\\\/\\\/www.puidukoda.eu\\\/en\\\/company\\\/career\\\/#article\",\"isPartOf\":{\"@id\":\"https:\\\/\\\/www.puidukoda.eu\\\/en\\\/company\\\/career\\\/\"},\"author\":{\"name\":\"admin\",\"@id\":\"https:\\\/\\\/www.puidukoda.eu\\\/#\\\/schema\\\/person\\\/cb9b9dc8c60f0da9d790ea0c3dca7667\"},\"headline\":\"Career\",\"datePublished\":\"2023-11-02T18:14:16+00:00\",\"dateModified\":\"2025-05-30T07:35:00+00:00\",\"mainEntityOfPage\":{\"@id\":\"https:\\\/\\\/www.puidukoda.eu\\\/en\\\/company\\\/career\\\/\"},\"wordCount\":581,\"publisher\":{\"@id\":\"https:\\\/\\\/www.puidukoda.eu\\\/#organization\"},\"image\":{\"@id\":\"https:\\\/\\\/www.puidukoda.eu\\\/en\\\/company\\\/career\\\/#primaryimage\"},\"thumbnailUrl\":\"https:\\\/\\\/puidukoda.eu\\\/wp-content\\\/uploads\\\/2023\\\/11\\\/img-test.jpg\",\"inLanguage\":\"en-US\"},{\"@type\":\"WebPage\",\"@id\":\"https:\\\/\\\/www.puidukoda.eu\\\/en\\\/company\\\/career\\\/\",\"url\":\"https:\\\/\\\/www.puidukoda.eu\\\/en\\\/company\\\/career\\\/\",\"name\":\"Careers at Puidukoda - Opportunities in the Timber Industry\",\"isPartOf\":{\"@id\":\"https:\\\/\\\/www.puidukoda.eu\\\/#website\"},\"primaryImageOfPage\":{\"@id\":\"https:\\\/\\\/www.puidukoda.eu\\\/en\\\/company\\\/career\\\/#primaryimage\"},\"image\":{\"@id\":\"https:\\\/\\\/www.puidukoda.eu\\\/en\\\/company\\\/career\\\/#primaryimage\"},\"thumbnailUrl\":\"https:\\\/\\\/puidukoda.eu\\\/wp-content\\\/uploads\\\/2023\\\/11\\\/img-test.jpg\",\"datePublished\":\"2023-11-02T18:14:16+00:00\",\"dateModified\":\"2025-05-30T07:35:00+00:00\",\"description\":\"Join Puidukoda and build your career in the timber industry with exciting opportunities and growth potential.\",\"breadcrumb\":{\"@id\":\"https:\\\/\\\/www.puidukoda.eu\\\/en\\\/company\\\/career\\\/#breadcrumb\"},\"inLanguage\":\"en-US\",\"potentialAction\":[{\"@type\":\"ReadAction\",\"target\":[\"https:\\\/\\\/www.puidukoda.eu\\\/en\\\/company\\\/career\\\/\"]}]},{\"@type\":\"ImageObject\",\"inLanguage\":\"en-US\",\"@id\":\"https:\\\/\\\/www.puidukoda.eu\\\/en\\\/company\\\/career\\\/#primaryimage\",\"url\":\"https:\\\/\\\/puidukoda.eu\\\/wp-content\\\/uploads\\\/2023\\\/11\\\/img-test.jpg\",\"contentUrl\":\"https:\\\/\\\/puidukoda.eu\\\/wp-content\\\/uploads\\\/2023\\\/11\\\/img-test.jpg\"},{\"@type\":\"BreadcrumbList\",\"@id\":\"https:\\\/\\\/www.puidukoda.eu\\\/en\\\/company\\\/career\\\/#breadcrumb\",\"itemListElement\":[{\"@type\":\"ListItem\",\"position\":1,\"name\":\"Home\",\"item\":\"https:\\\/\\\/www.puidukoda.eu\\\/en\\\/\"},{\"@type\":\"ListItem\",\"position\":2,\"name\":\"Company\",\"item\":\"https:\\\/\\\/www.puidukoda.eu\\\/en\\\/company\\\/\"},{\"@type\":\"ListItem\",\"position\":3,\"name\":\"Career\"}]},{\"@type\":\"WebSite\",\"@id\":\"https:\\\/\\\/www.puidukoda.eu\\\/#website\",\"url\":\"https:\\\/\\\/www.puidukoda.eu\\\/\",\"name\":\"Puidukoda\",\"description\":\"Wood for life\",\"publisher\":{\"@id\":\"https:\\\/\\\/www.puidukoda.eu\\\/#organization\"},\"potentialAction\":[{\"@type\":\"SearchAction\",\"target\":{\"@type\":\"EntryPoint\",\"urlTemplate\":\"https:\\\/\\\/www.puidukoda.eu\\\/?s={search_term_string}\"},\"query-input\":{\"@type\":\"PropertyValueSpecification\",\"valueRequired\":true,\"valueName\":\"search_term_string\"}}],\"inLanguage\":\"en-US\"},{\"@type\":\"Organization\",\"@id\":\"https:\\\/\\\/www.puidukoda.eu\\\/#organization\",\"name\":\"Puidukoda\",\"url\":\"https:\\\/\\\/www.puidukoda.eu\\\/\",\"logo\":{\"@type\":\"ImageObject\",\"inLanguage\":\"en-US\",\"@id\":\"https:\\\/\\\/www.puidukoda.eu\\\/#\\\/schema\\\/logo\\\/image\\\/\",\"url\":\"https:\\\/\\\/www.puidukoda.eu\\\/wp-content\\\/uploads\\\/2024\\\/09\\\/Puidukoda-logo_RGB.png\",\"contentUrl\":\"https:\\\/\\\/www.puidukoda.eu\\\/wp-content\\\/uploads\\\/2024\\\/09\\\/Puidukoda-logo_RGB.png\",\"width\":700,\"height\":220,\"caption\":\"Puidukoda\"},\"image\":{\"@id\":\"https:\\\/\\\/www.puidukoda.eu\\\/#\\\/schema\\\/logo\\\/image\\\/\"},\"sameAs\":[\"https:\\\/\\\/www.facebook.com\\\/puidukoda\\\/\"]}]}<\/script>\n<!-- \/ Yoast SEO plugin. -->","yoast_head_json":{"title":"Careers at Puidukoda - Opportunities in the Timber Industry","description":"Join Puidukoda and build your career in the timber industry with exciting opportunities and growth potential.","robots":{"index":"index","follow":"follow","max-snippet":"max-snippet:-1","max-image-preview":"max-image-preview:large","max-video-preview":"max-video-preview:-1"},"canonical":"https:\/\/www.puidukoda.eu\/en\/company\/career\/","og_locale":"en_US","og_type":"article","og_title":"Careers at Puidukoda - Opportunities in the Timber Industry","og_description":"Join Puidukoda and build your career in the timber industry with exciting opportunities and growth potential.","og_url":"https:\/\/www.puidukoda.eu\/en\/company\/career\/","og_site_name":"Puidukoda","article_publisher":"https:\/\/www.facebook.com\/puidukoda\/","article_modified_time":"2025-05-30T07:35:00+00:00","og_image":[{"width":536,"height":408,"url":"https:\/\/www.puidukoda.eu\/wp-content\/uploads\/2023\/11\/img-test.jpg","type":"image\/jpeg"}],"twitter_card":"summary_large_image","twitter_misc":{"Est. reading time":"5 minutes"},"schema":{"@context":"https:\/\/schema.org","@graph":[{"@type":"Article","@id":"https:\/\/www.puidukoda.eu\/en\/company\/career\/#article","isPartOf":{"@id":"https:\/\/www.puidukoda.eu\/en\/company\/career\/"},"author":{"name":"admin","@id":"https:\/\/www.puidukoda.eu\/#\/schema\/person\/cb9b9dc8c60f0da9d790ea0c3dca7667"},"headline":"Career","datePublished":"2023-11-02T18:14:16+00:00","dateModified":"2025-05-30T07:35:00+00:00","mainEntityOfPage":{"@id":"https:\/\/www.puidukoda.eu\/en\/company\/career\/"},"wordCount":581,"publisher":{"@id":"https:\/\/www.puidukoda.eu\/#organization"},"image":{"@id":"https:\/\/www.puidukoda.eu\/en\/company\/career\/#primaryimage"},"thumbnailUrl":"https:\/\/puidukoda.eu\/wp-content\/uploads\/2023\/11\/img-test.jpg","inLanguage":"en-US"},{"@type":"WebPage","@id":"https:\/\/www.puidukoda.eu\/en\/company\/career\/","url":"https:\/\/www.puidukoda.eu\/en\/company\/career\/","name":"Careers at Puidukoda - Opportunities in the Timber Industry","isPartOf":{"@id":"https:\/\/www.puidukoda.eu\/#website"},"primaryImageOfPage":{"@id":"https:\/\/www.puidukoda.eu\/en\/company\/career\/#primaryimage"},"image":{"@id":"https:\/\/www.puidukoda.eu\/en\/company\/career\/#primaryimage"},"thumbnailUrl":"https:\/\/puidukoda.eu\/wp-content\/uploads\/2023\/11\/img-test.jpg","datePublished":"2023-11-02T18:14:16+00:00","dateModified":"2025-05-30T07:35:00+00:00","description":"Join Puidukoda and build your career in the timber industry with exciting opportunities and growth potential.","breadcrumb":{"@id":"https:\/\/www.puidukoda.eu\/en\/company\/career\/#breadcrumb"},"inLanguage":"en-US","potentialAction":[{"@type":"ReadAction","target":["https:\/\/www.puidukoda.eu\/en\/company\/career\/"]}]},{"@type":"ImageObject","inLanguage":"en-US","@id":"https:\/\/www.puidukoda.eu\/en\/company\/career\/#primaryimage","url":"https:\/\/puidukoda.eu\/wp-content\/uploads\/2023\/11\/img-test.jpg","contentUrl":"https:\/\/puidukoda.eu\/wp-content\/uploads\/2023\/11\/img-test.jpg"},{"@type":"BreadcrumbList","@id":"https:\/\/www.puidukoda.eu\/en\/company\/career\/#breadcrumb","itemListElement":[{"@type":"ListItem","position":1,"name":"Home","item":"https:\/\/www.puidukoda.eu\/en\/"},{"@type":"ListItem","position":2,"name":"Company","item":"https:\/\/www.puidukoda.eu\/en\/company\/"},{"@type":"ListItem","position":3,"name":"Career"}]},{"@type":"WebSite","@id":"https:\/\/www.puidukoda.eu\/#website","url":"https:\/\/www.puidukoda.eu\/","name":"Puidukoda","description":"Wood for life","publisher":{"@id":"https:\/\/www.puidukoda.eu\/#organization"},"potentialAction":[{"@type":"SearchAction","target":{"@type":"EntryPoint","urlTemplate":"https:\/\/www.puidukoda.eu\/?s={search_term_string}"},"query-input":{"@type":"PropertyValueSpecification","valueRequired":true,"valueName":"search_term_string"}}],"inLanguage":"en-US"},{"@type":"Organization","@id":"https:\/\/www.puidukoda.eu\/#organization","name":"Puidukoda","url":"https:\/\/www.puidukoda.eu\/","logo":{"@type":"ImageObject","inLanguage":"en-US","@id":"https:\/\/www.puidukoda.eu\/#\/schema\/logo\/image\/","url":"https:\/\/www.puidukoda.eu\/wp-content\/uploads\/2024\/09\/Puidukoda-logo_RGB.png","contentUrl":"https:\/\/www.puidukoda.eu\/wp-content\/uploads\/2024\/09\/Puidukoda-logo_RGB.png","width":700,"height":220,"caption":"Puidukoda"},"image":{"@id":"https:\/\/www.puidukoda.eu\/#\/schema\/logo\/image\/"},"sameAs":["https:\/\/www.facebook.com\/puidukoda\/"]}]}},"_links":{"self":[{"href":"https:\/\/www.puidukoda.eu\/en\/wp-json\/wp\/v2\/pages\/8920","targetHints":{"allow":["GET"]}}],"collection":[{"href":"https:\/\/www.puidukoda.eu\/en\/wp-json\/wp\/v2\/pages"}],"about":[{"href":"https:\/\/www.puidukoda.eu\/en\/wp-json\/wp\/v2\/types\/page"}],"author":[{"embeddable":true,"href":"https:\/\/www.puidukoda.eu\/en\/wp-json\/wp\/v2\/users\/1"}],"replies":[{"embeddable":true,"href":"https:\/\/www.puidukoda.eu\/en\/wp-json\/wp\/v2\/comments?post=8920"}],"version-history":[{"count":28,"href":"https:\/\/www.puidukoda.eu\/en\/wp-json\/wp\/v2\/pages\/8920\/revisions"}],"predecessor-version":[{"id":12437,"href":"https:\/\/www.puidukoda.eu\/en\/wp-json\/wp\/v2\/pages\/8920\/revisions\/12437"}],"up":[{"embeddable":true,"href":"https:\/\/www.puidukoda.eu\/en\/wp-json\/wp\/v2\/pages\/8929"}],"wp:attachment":[{"href":"https:\/\/www.puidukoda.eu\/en\/wp-json\/wp\/v2\/media?parent=8920"}],"curies":[{"name":"wp","href":"https:\/\/api.w.org\/{rel}","templated":true}]}}