{"id":9592,"date":"2024-09-26T08:31:39","date_gmt":"2024-09-26T08:31:39","guid":{"rendered":"https:\/\/puidukoda.eu\/?page_id=9592"},"modified":"2025-05-30T07:13:33","modified_gmt":"2025-05-30T07:13:33","slug":"factories","status":"publish","type":"page","link":"https:\/\/www.puidukoda.eu\/en\/company\/factories\/","title":{"rendered":"State-of-the-art factories for superior wood products"},"content":{"rendered":"\n<p>At Puidukoda, our Nordic wood factories are equipped with modern, automated production lines designed to ensure the highest quality and efficiency in wood processing. <\/p>\n\n\n\n<p>Both of our factories in Estonia are hubs of innovation and sustainability. Our production facilities combine advanced technology with skilled craftsmanship, enabling us to create durable and sustainable wood <a href=\"https:\/\/www.puidukoda.eu\/en\/product\/uys-s\/\">products<\/a> that meet international standards.<\/p>\n\n\n\n<h2 class=\"wp-block-heading\">Advanced production technology<\/h2>\n\n\n\n<p>Puidukoda factories utilize cutting-edge machinery and environmentally friendly processes to produce a wide range of wood products, from <a href=\"https:\/\/www.puidukoda.eu\/en\/product-category\/cladding\/\">cladding<\/a> to <a href=\"https:\/\/www.puidukoda.eu\/en\/product-category\/interior\/\">interior timber<\/a>. Our focus is on precision and consistency to deliver the best results for our customers in timber production. We carefully source our raw materials from responsibly managed forests in the Nordic region, ensuring that every product reflects the natural beauty and strength of premium <a href=\"https:\/\/www.puidukoda.eu\/en\/products\/references\/\">Nordic timber production.<\/a><\/p>\n\n\n\n<h2 class=\"wp-block-heading\">Sustainability in every step<\/h2>\n\n\n\n<p>Sustainability is at the heart of our operations. From optimizing production efficiency to reducing waste, our factories are designed to minimize environmental impact while maintaining exceptional product quality.<\/p>\n\n\n\n<hr class=\"wp-block-separator has-alpha-channel-opacity\"\/>\n\n\n\n<h2 class=\"wp-block-heading\">Karksi factory<\/h2>\n\n\n\n<div class=\"wp-block-columns is-layout-flex wp-container-core-columns-is-layout-9d6595d7 wp-block-columns-is-layout-flex\">\n<div class=\"wp-block-column is-layout-flow wp-block-column-is-layout-flow\">\n<p><strong>Location: Kivi tn 25, Karksi k\u00fcla, Mulgi vald, Viljandimaa 69104, Estonia<\/strong><\/p>\n\n\n\n<p>The Karksi factory features has modern and flexible fully automated production lines (from sorting to sawing, planing and <a href=\"https:\/\/www.puidukoda.eu\/en\/product-category\/thermo-timber\/\">thermofoiling<\/a>).<\/p>\n\n\n\n<ul class=\"wp-block-list\">\n<li>In 2018, the Karksi brewery and winery premises, along with the production building, were acquired. <\/li>\n\n\n\n<li>In 2022, biomass production lines were automated. <\/li>\n\n\n\n<li>In 2023, a new production building with an impregnation autoclave and an automatic painting line was completed, and investments were also made in the construction of a loading platform.<\/li>\n<\/ul>\n\n\n\n<p>At the Karksi factory, we offer several post-processing options: painting, cross-cutting, end-jointing, and impregnation.<\/p>\n<\/div>\n\n\n\n<div class=\"wp-block-column is-layout-flow wp-block-column-is-layout-flow\">\n<figure class=\"wp-block-image size-medium\"><img loading=\"lazy\" decoding=\"async\" width=\"800\" height=\"518\" src=\"https:\/\/puidukoda.eu\/wp-content\/uploads\/2024\/09\/136a2589-1df4-4026-ac37-afb679261cb7-800x518.jpg\" alt=\"\" class=\"wp-image-9509\" style=\"aspect-ratio:3\/2;object-fit:cover\" srcset=\"https:\/\/www.puidukoda.eu\/wp-content\/uploads\/2024\/09\/136a2589-1df4-4026-ac37-afb679261cb7-800x518.jpg 800w, https:\/\/www.puidukoda.eu\/wp-content\/uploads\/2024\/09\/136a2589-1df4-4026-ac37-afb679261cb7-1024x663.jpg 1024w, https:\/\/www.puidukoda.eu\/wp-content\/uploads\/2024\/09\/136a2589-1df4-4026-ac37-afb679261cb7-768x497.jpg 768w, https:\/\/www.puidukoda.eu\/wp-content\/uploads\/2024\/09\/136a2589-1df4-4026-ac37-afb679261cb7-1536x994.jpg 1536w, https:\/\/www.puidukoda.eu\/wp-content\/uploads\/2024\/09\/136a2589-1df4-4026-ac37-afb679261cb7-2048x1325.jpg 2048w\" sizes=\"auto, (max-width: 800px) 100vw, 800px\" \/><\/figure>\n<\/div>\n<\/div>\n\n\n\n<h2 class=\"wp-block-heading has-text-align-center\">Karksi factory in numbers<\/h2>\n\n\n\n<div class=\"wp-block-columns is-layout-flex wp-container-core-columns-is-layout-9d6595d7 wp-block-columns-is-layout-flex\">\n<div class=\"wp-block-column is-layout-flow wp-block-column-is-layout-flow\"><div class=\"wp-block-image\">\n<figure class=\"aligncenter size-full is-resized\"><img loading=\"lazy\" decoding=\"async\" width=\"200\" height=\"200\" src=\"https:\/\/puidukoda.eu\/wp-content\/uploads\/2024\/09\/1.png\" alt=\"\" class=\"wp-image-9572\" style=\"width:100px\" srcset=\"https:\/\/www.puidukoda.eu\/wp-content\/uploads\/2024\/09\/1.png 200w, https:\/\/www.puidukoda.eu\/wp-content\/uploads\/2024\/09\/1-100x100.png 100w\" sizes=\"auto, (max-width: 200px) 100vw, 200px\" \/><\/figure>\n<\/div>\n\n\n<p class=\"has-text-align-center\"><strong>12 hectares <\/strong>of land are occupied by the factory, auxiliary buildings, and warehouses<br><br><\/p>\n<\/div>\n\n\n\n<div class=\"wp-block-column is-layout-flow wp-block-column-is-layout-flow\"><div class=\"wp-block-image\">\n<figure class=\"aligncenter size-full is-resized\"><img loading=\"lazy\" decoding=\"async\" width=\"200\" height=\"200\" src=\"https:\/\/puidukoda.eu\/wp-content\/uploads\/2024\/09\/2.png\" alt=\"\" class=\"wp-image-9574\" style=\"width:100px\" srcset=\"https:\/\/www.puidukoda.eu\/wp-content\/uploads\/2024\/09\/2.png 200w, https:\/\/www.puidukoda.eu\/wp-content\/uploads\/2024\/09\/2-100x100.png 100w\" sizes=\"auto, (max-width: 200px) 100vw, 200px\" \/><\/figure>\n<\/div>\n\n\n<p class=\"has-text-align-center\">Up to<strong> 150,000 m<\/strong>\u00b3 of planed wood per year<\/p>\n<\/div>\n\n\n\n<div class=\"wp-block-column is-layout-flow wp-block-column-is-layout-flow\"><div class=\"wp-block-image\">\n<figure class=\"aligncenter size-full is-resized\"><img loading=\"lazy\" decoding=\"async\" width=\"200\" height=\"200\" src=\"https:\/\/puidukoda.eu\/wp-content\/uploads\/2024\/09\/3.png\" alt=\"\" class=\"wp-image-9576\" style=\"width:100px\" srcset=\"https:\/\/www.puidukoda.eu\/wp-content\/uploads\/2024\/09\/3.png 200w, https:\/\/www.puidukoda.eu\/wp-content\/uploads\/2024\/09\/3-100x100.png 100w\" sizes=\"auto, (max-width: 200px) 100vw, 200px\" \/><\/figure>\n<\/div>\n\n\n<p class=\"has-text-align-center\">Up to <strong>15,000 tons <\/strong>of wood waste are processed into briquettes and pellets annually<\/p>\n\n\n\n<p><\/p>\n<\/div>\n\n\n\n<div class=\"wp-block-column is-layout-flow wp-block-column-is-layout-flow\"><div class=\"wp-block-image\">\n<figure class=\"aligncenter size-full is-resized\"><img loading=\"lazy\" decoding=\"async\" width=\"200\" height=\"200\" src=\"https:\/\/puidukoda.eu\/wp-content\/uploads\/2024\/09\/4.png\" alt=\"\" class=\"wp-image-9578\" style=\"width:100px\" srcset=\"https:\/\/www.puidukoda.eu\/wp-content\/uploads\/2024\/09\/4.png 200w, https:\/\/www.puidukoda.eu\/wp-content\/uploads\/2024\/09\/4-100x100.png 100w\" sizes=\"auto, (max-width: 200px) 100vw, 200px\" \/><\/figure>\n<\/div>\n\n\n<p class=\"has-text-align-center\">2 planing lines, 2 painting lines, 1 loading platform, 1 impregnation autoclave<\/p>\n<\/div>\n\n\n\n<div class=\"wp-block-column is-layout-flow wp-block-column-is-layout-flow\"><div class=\"wp-block-image\">\n<figure class=\"aligncenter size-full is-resized\"><img loading=\"lazy\" decoding=\"async\" width=\"200\" height=\"200\" src=\"https:\/\/puidukoda.eu\/wp-content\/uploads\/2024\/09\/5.png\" alt=\"\" class=\"wp-image-9580\" style=\"width:100px\" srcset=\"https:\/\/www.puidukoda.eu\/wp-content\/uploads\/2024\/09\/5.png 200w, https:\/\/www.puidukoda.eu\/wp-content\/uploads\/2024\/09\/5-100x100.png 100w\" sizes=\"auto, (max-width: 200px) 100vw, 200px\" \/><\/figure>\n<\/div>\n\n\n<p class=\"has-text-align-center\">100 employees<\/p>\n<\/div>\n<\/div>\n\n\n\n<hr class=\"wp-block-separator has-alpha-channel-opacity\"\/>\n\n\n\n<h2 class=\"wp-block-heading\">N\u00e4pi factory<\/h2>\n\n\n\n<div class=\"wp-block-columns is-layout-flex wp-container-core-columns-is-layout-9d6595d7 wp-block-columns-is-layout-flex\">\n<div class=\"wp-block-column is-layout-flow wp-block-column-is-layout-flow\">\n<p><strong>Location: N\u00e4pi tee 2e, N\u00e4pi alev, Rakvere vald, L\u00e4\u00e4ne-Virumaa 44305, Estonia<\/strong><\/p>\n\n\n\n<p>In 2023, Puidukoda purchased the Stora Enso N\u00e4pi sawmill premises, along with the <a href=\"https:\/\/www.puidukoda.eu\/en\/product-category\/planed-all-around\/\">planing<\/a> and painting line.<\/p>\n\n\n\n<p>In the first half of 2024, the planing line and wood pellet production were launched. In the second half of the same year, the painting line started operating and container loading platform was installed.<\/p>\n<\/div>\n\n\n\n<div class=\"wp-block-column is-layout-flow wp-block-column-is-layout-flow\">\n<figure class=\"wp-block-image size-large\"><img loading=\"lazy\" decoding=\"async\" width=\"1024\" height=\"576\" src=\"https:\/\/puidukoda.eu\/wp-content\/uploads\/2024\/11\/dji_fly_20241015_123645_0_1728988605653_photo_low_quality-copy_-1024x576.jpg\" alt=\"\" class=\"wp-image-11423\" style=\"aspect-ratio:3\/2;object-fit:cover\" srcset=\"https:\/\/www.puidukoda.eu\/wp-content\/uploads\/2024\/11\/dji_fly_20241015_123645_0_1728988605653_photo_low_quality-copy_-1024x576.jpg 1024w, https:\/\/www.puidukoda.eu\/wp-content\/uploads\/2024\/11\/dji_fly_20241015_123645_0_1728988605653_photo_low_quality-copy_-800x450.jpg 800w, https:\/\/www.puidukoda.eu\/wp-content\/uploads\/2024\/11\/dji_fly_20241015_123645_0_1728988605653_photo_low_quality-copy_-768x432.jpg 768w, https:\/\/www.puidukoda.eu\/wp-content\/uploads\/2024\/11\/dji_fly_20241015_123645_0_1728988605653_photo_low_quality-copy_-1536x864.jpg 1536w, https:\/\/www.puidukoda.eu\/wp-content\/uploads\/2024\/11\/dji_fly_20241015_123645_0_1728988605653_photo_low_quality-copy_.jpg 1920w\" sizes=\"auto, (max-width: 1024px) 100vw, 1024px\" \/><\/figure>\n<\/div>\n<\/div>\n\n\n\n<p><\/p>\n\n\n\n<h2 class=\"wp-block-heading has-text-align-center\">N\u00e4pi factory in numbers<\/h2>\n\n\n\n<div class=\"wp-block-columns is-layout-flex wp-container-core-columns-is-layout-9d6595d7 wp-block-columns-is-layout-flex\">\n<div class=\"wp-block-column is-layout-flow wp-block-column-is-layout-flow\"><div class=\"wp-block-image\">\n<figure class=\"aligncenter size-full is-resized\"><img loading=\"lazy\" decoding=\"async\" width=\"200\" height=\"200\" src=\"https:\/\/puidukoda.eu\/wp-content\/uploads\/2024\/09\/1.png\" alt=\"\" class=\"wp-image-9572\" style=\"width:100px\" srcset=\"https:\/\/www.puidukoda.eu\/wp-content\/uploads\/2024\/09\/1.png 200w, https:\/\/www.puidukoda.eu\/wp-content\/uploads\/2024\/09\/1-100x100.png 100w\" sizes=\"auto, (max-width: 200px) 100vw, 200px\" \/><\/figure>\n<\/div>\n\n\n<p class=\"has-text-align-center\"><strong>25 hectares <\/strong>of land are occupied by the factory, auxiliary buildings, and warehouses <br><br><\/p>\n<\/div>\n\n\n\n<div class=\"wp-block-column is-layout-flow wp-block-column-is-layout-flow\"><div class=\"wp-block-image\">\n<figure class=\"aligncenter size-full is-resized\"><img loading=\"lazy\" decoding=\"async\" width=\"200\" height=\"200\" src=\"https:\/\/puidukoda.eu\/wp-content\/uploads\/2024\/09\/2.png\" alt=\"\" class=\"wp-image-9574\" style=\"width:100px\" srcset=\"https:\/\/www.puidukoda.eu\/wp-content\/uploads\/2024\/09\/2.png 200w, https:\/\/www.puidukoda.eu\/wp-content\/uploads\/2024\/09\/2-100x100.png 100w\" sizes=\"auto, (max-width: 200px) 100vw, 200px\" \/><\/figure>\n<\/div>\n\n\n<p class=\"has-text-align-center\">Up to<strong> 75,000 m<\/strong>\u00b3 of planed wood per year<\/p>\n<\/div>\n\n\n\n<div class=\"wp-block-column is-layout-flow wp-block-column-is-layout-flow\"><div class=\"wp-block-image\">\n<figure class=\"aligncenter size-full is-resized\"><img loading=\"lazy\" decoding=\"async\" width=\"200\" height=\"200\" src=\"https:\/\/puidukoda.eu\/wp-content\/uploads\/2024\/09\/3.png\" alt=\"\" class=\"wp-image-9576\" style=\"width:100px\" srcset=\"https:\/\/www.puidukoda.eu\/wp-content\/uploads\/2024\/09\/3.png 200w, https:\/\/www.puidukoda.eu\/wp-content\/uploads\/2024\/09\/3-100x100.png 100w\" sizes=\"auto, (max-width: 200px) 100vw, 200px\" \/><\/figure>\n<\/div>\n\n\n<p class=\"has-text-align-center\">Up to <strong>7,500 tons<\/strong> of wood waste are processed into pellets annually<\/p>\n\n\n\n<p><\/p>\n<\/div>\n\n\n\n<div class=\"wp-block-column is-layout-flow wp-block-column-is-layout-flow\"><div class=\"wp-block-image\">\n<figure class=\"aligncenter size-full is-resized\"><img loading=\"lazy\" decoding=\"async\" width=\"200\" height=\"200\" src=\"https:\/\/puidukoda.eu\/wp-content\/uploads\/2024\/09\/4.png\" alt=\"\" class=\"wp-image-9578\" style=\"width:100px\" srcset=\"https:\/\/www.puidukoda.eu\/wp-content\/uploads\/2024\/09\/4.png 200w, https:\/\/www.puidukoda.eu\/wp-content\/uploads\/2024\/09\/4-100x100.png 100w\" sizes=\"auto, (max-width: 200px) 100vw, 200px\" \/><\/figure>\n<\/div>\n\n\n<p class=\"has-text-align-center\">1 planing line, 1 painting line, 1 loading platform<\/p>\n<\/div>\n\n\n\n<div class=\"wp-block-column is-layout-flow wp-block-column-is-layout-flow\"><div class=\"wp-block-image\">\n<figure class=\"aligncenter size-full is-resized\"><img loading=\"lazy\" decoding=\"async\" width=\"200\" height=\"200\" src=\"https:\/\/puidukoda.eu\/wp-content\/uploads\/2024\/09\/5.png\" alt=\"\" class=\"wp-image-9580\" style=\"width:100px\" srcset=\"https:\/\/www.puidukoda.eu\/wp-content\/uploads\/2024\/09\/5.png 200w, https:\/\/www.puidukoda.eu\/wp-content\/uploads\/2024\/09\/5-100x100.png 100w\" sizes=\"auto, (max-width: 200px) 100vw, 200px\" \/><\/figure>\n<\/div>\n\n\n<p class=\"has-text-align-center\">20 employees<\/p>\n<\/div>\n<\/div>\n\n\n\n<p>Visit our factories virtually or schedule an appointment to see firsthand how we transform raw timber into premium wood <a href=\"https:\/\/www.puidukoda.eu\/en\/product\/c24\/\">products<\/a>. Discover the processes behind our commitment to quality and sustainability.<\/p>\n","protected":false},"excerpt":{"rendered":"<p>At Puidukoda, our Nordic wood factories are equipped with modern, automated production lines designed to ensure the highest quality and efficiency in wood processing. Both of our factories in Estonia are hubs of innovation and sustainability. Our production facilities combine advanced technology with skilled craftsmanship, enabling us to create durable and sustainable wood products that [&hellip;]<\/p>\n","protected":false},"author":5,"featured_media":0,"parent":8929,"menu_order":0,"comment_status":"closed","ping_status":"closed","template":"","meta":{"_acf_changed":false,"footnotes":""},"class_list":["post-9592","page","type-page","status-publish","hentry"],"acf":[],"yoast_head":"<!-- This site is optimized with the Yoast SEO plugin v27.3 - https:\/\/yoast.com\/product\/yoast-seo-wordpress\/ -->\n<title>Puidukoda Factories \u2013 Sustainable and Efficient Timber Production<\/title>\n<meta name=\"description\" content=\"Learn about Puidukoda&#039;s factories, focusing on sustainable production and high-quality timber manufacturing.\" \/>\n<meta name=\"robots\" content=\"index, follow, max-snippet:-1, max-image-preview:large, max-video-preview:-1\" \/>\n<link rel=\"canonical\" href=\"https:\/\/www.puidukoda.eu\/en\/company\/factories\/\" \/>\n<meta property=\"og:locale\" content=\"en_US\" \/>\n<meta property=\"og:type\" content=\"article\" \/>\n<meta property=\"og:title\" content=\"Puidukoda Factories \u2013 Sustainable and Efficient Timber Production\" \/>\n<meta property=\"og:description\" content=\"Learn about Puidukoda&#039;s factories, focusing on sustainable production and high-quality timber manufacturing.\" \/>\n<meta property=\"og:url\" content=\"https:\/\/www.puidukoda.eu\/en\/company\/factories\/\" \/>\n<meta property=\"og:site_name\" content=\"Puidukoda\" \/>\n<meta property=\"article:publisher\" content=\"https:\/\/www.facebook.com\/puidukoda\/\" \/>\n<meta property=\"article:modified_time\" content=\"2025-05-30T07:13:33+00:00\" \/>\n<meta property=\"og:image\" content=\"https:\/\/www.puidukoda.eu\/wp-content\/uploads\/2024\/09\/136a2589-1df4-4026-ac37-afb679261cb7-scaled.jpg\" \/>\n\t<meta property=\"og:image:width\" content=\"2560\" \/>\n\t<meta property=\"og:image:height\" content=\"1657\" \/>\n\t<meta property=\"og:image:type\" content=\"image\/jpeg\" \/>\n<meta name=\"twitter:card\" content=\"summary_large_image\" \/>\n<meta name=\"twitter:label1\" content=\"Est. reading time\" \/>\n\t<meta name=\"twitter:data1\" content=\"5 minutes\" \/>\n<script type=\"application\/ld+json\" class=\"yoast-schema-graph\">{\"@context\":\"https:\\\/\\\/schema.org\",\"@graph\":[{\"@type\":\"Article\",\"@id\":\"https:\\\/\\\/www.puidukoda.eu\\\/en\\\/company\\\/factories\\\/#article\",\"isPartOf\":{\"@id\":\"https:\\\/\\\/www.puidukoda.eu\\\/en\\\/company\\\/factories\\\/\"},\"author\":{\"name\":\"Puidu Koda\",\"@id\":\"https:\\\/\\\/www.puidukoda.eu\\\/#\\\/schema\\\/person\\\/1fd04ed3908f03e98cab2b3a7c5314af\"},\"headline\":\"State-of-the-art factories for superior wood products\",\"datePublished\":\"2024-09-26T08:31:39+00:00\",\"dateModified\":\"2025-05-30T07:13:33+00:00\",\"mainEntityOfPage\":{\"@id\":\"https:\\\/\\\/www.puidukoda.eu\\\/en\\\/company\\\/factories\\\/\"},\"wordCount\":446,\"publisher\":{\"@id\":\"https:\\\/\\\/www.puidukoda.eu\\\/#organization\"},\"image\":{\"@id\":\"https:\\\/\\\/www.puidukoda.eu\\\/en\\\/company\\\/factories\\\/#primaryimage\"},\"thumbnailUrl\":\"https:\\\/\\\/puidukoda.eu\\\/wp-content\\\/uploads\\\/2024\\\/09\\\/136a2589-1df4-4026-ac37-afb679261cb7-800x518.jpg\",\"inLanguage\":\"en-US\"},{\"@type\":\"WebPage\",\"@id\":\"https:\\\/\\\/www.puidukoda.eu\\\/en\\\/company\\\/factories\\\/\",\"url\":\"https:\\\/\\\/www.puidukoda.eu\\\/en\\\/company\\\/factories\\\/\",\"name\":\"Puidukoda Factories \u2013 Sustainable and Efficient Timber Production\",\"isPartOf\":{\"@id\":\"https:\\\/\\\/www.puidukoda.eu\\\/#website\"},\"primaryImageOfPage\":{\"@id\":\"https:\\\/\\\/www.puidukoda.eu\\\/en\\\/company\\\/factories\\\/#primaryimage\"},\"image\":{\"@id\":\"https:\\\/\\\/www.puidukoda.eu\\\/en\\\/company\\\/factories\\\/#primaryimage\"},\"thumbnailUrl\":\"https:\\\/\\\/puidukoda.eu\\\/wp-content\\\/uploads\\\/2024\\\/09\\\/136a2589-1df4-4026-ac37-afb679261cb7-800x518.jpg\",\"datePublished\":\"2024-09-26T08:31:39+00:00\",\"dateModified\":\"2025-05-30T07:13:33+00:00\",\"description\":\"Learn about Puidukoda's factories, focusing on sustainable production and high-quality timber manufacturing.\",\"breadcrumb\":{\"@id\":\"https:\\\/\\\/www.puidukoda.eu\\\/en\\\/company\\\/factories\\\/#breadcrumb\"},\"inLanguage\":\"en-US\",\"potentialAction\":[{\"@type\":\"ReadAction\",\"target\":[\"https:\\\/\\\/www.puidukoda.eu\\\/en\\\/company\\\/factories\\\/\"]}]},{\"@type\":\"ImageObject\",\"inLanguage\":\"en-US\",\"@id\":\"https:\\\/\\\/www.puidukoda.eu\\\/en\\\/company\\\/factories\\\/#primaryimage\",\"url\":\"https:\\\/\\\/puidukoda.eu\\\/wp-content\\\/uploads\\\/2024\\\/09\\\/136a2589-1df4-4026-ac37-afb679261cb7-800x518.jpg\",\"contentUrl\":\"https:\\\/\\\/puidukoda.eu\\\/wp-content\\\/uploads\\\/2024\\\/09\\\/136a2589-1df4-4026-ac37-afb679261cb7-800x518.jpg\"},{\"@type\":\"BreadcrumbList\",\"@id\":\"https:\\\/\\\/www.puidukoda.eu\\\/en\\\/company\\\/factories\\\/#breadcrumb\",\"itemListElement\":[{\"@type\":\"ListItem\",\"position\":1,\"name\":\"Home\",\"item\":\"https:\\\/\\\/www.puidukoda.eu\\\/en\\\/\"},{\"@type\":\"ListItem\",\"position\":2,\"name\":\"Company\",\"item\":\"https:\\\/\\\/www.puidukoda.eu\\\/en\\\/company\\\/\"},{\"@type\":\"ListItem\",\"position\":3,\"name\":\"State-of-the-art factories for superior wood products\"}]},{\"@type\":\"WebSite\",\"@id\":\"https:\\\/\\\/www.puidukoda.eu\\\/#website\",\"url\":\"https:\\\/\\\/www.puidukoda.eu\\\/\",\"name\":\"Puidukoda\",\"description\":\"Wood for life\",\"publisher\":{\"@id\":\"https:\\\/\\\/www.puidukoda.eu\\\/#organization\"},\"potentialAction\":[{\"@type\":\"SearchAction\",\"target\":{\"@type\":\"EntryPoint\",\"urlTemplate\":\"https:\\\/\\\/www.puidukoda.eu\\\/?s={search_term_string}\"},\"query-input\":{\"@type\":\"PropertyValueSpecification\",\"valueRequired\":true,\"valueName\":\"search_term_string\"}}],\"inLanguage\":\"en-US\"},{\"@type\":\"Organization\",\"@id\":\"https:\\\/\\\/www.puidukoda.eu\\\/#organization\",\"name\":\"Puidukoda\",\"url\":\"https:\\\/\\\/www.puidukoda.eu\\\/\",\"logo\":{\"@type\":\"ImageObject\",\"inLanguage\":\"en-US\",\"@id\":\"https:\\\/\\\/www.puidukoda.eu\\\/#\\\/schema\\\/logo\\\/image\\\/\",\"url\":\"https:\\\/\\\/www.puidukoda.eu\\\/wp-content\\\/uploads\\\/2024\\\/09\\\/Puidukoda-logo_RGB.png\",\"contentUrl\":\"https:\\\/\\\/www.puidukoda.eu\\\/wp-content\\\/uploads\\\/2024\\\/09\\\/Puidukoda-logo_RGB.png\",\"width\":700,\"height\":220,\"caption\":\"Puidukoda\"},\"image\":{\"@id\":\"https:\\\/\\\/www.puidukoda.eu\\\/#\\\/schema\\\/logo\\\/image\\\/\"},\"sameAs\":[\"https:\\\/\\\/www.facebook.com\\\/puidukoda\\\/\"]}]}<\/script>\n<!-- \/ Yoast SEO plugin. -->","yoast_head_json":{"title":"Puidukoda Factories \u2013 Sustainable and Efficient Timber Production","description":"Learn about Puidukoda's factories, focusing on sustainable production and high-quality timber manufacturing.","robots":{"index":"index","follow":"follow","max-snippet":"max-snippet:-1","max-image-preview":"max-image-preview:large","max-video-preview":"max-video-preview:-1"},"canonical":"https:\/\/www.puidukoda.eu\/en\/company\/factories\/","og_locale":"en_US","og_type":"article","og_title":"Puidukoda Factories \u2013 Sustainable and Efficient Timber Production","og_description":"Learn about Puidukoda's factories, focusing on sustainable production and high-quality timber manufacturing.","og_url":"https:\/\/www.puidukoda.eu\/en\/company\/factories\/","og_site_name":"Puidukoda","article_publisher":"https:\/\/www.facebook.com\/puidukoda\/","article_modified_time":"2025-05-30T07:13:33+00:00","og_image":[{"width":2560,"height":1657,"url":"https:\/\/www.puidukoda.eu\/wp-content\/uploads\/2024\/09\/136a2589-1df4-4026-ac37-afb679261cb7-scaled.jpg","type":"image\/jpeg"}],"twitter_card":"summary_large_image","twitter_misc":{"Est. reading time":"5 minutes"},"schema":{"@context":"https:\/\/schema.org","@graph":[{"@type":"Article","@id":"https:\/\/www.puidukoda.eu\/en\/company\/factories\/#article","isPartOf":{"@id":"https:\/\/www.puidukoda.eu\/en\/company\/factories\/"},"author":{"name":"Puidu Koda","@id":"https:\/\/www.puidukoda.eu\/#\/schema\/person\/1fd04ed3908f03e98cab2b3a7c5314af"},"headline":"State-of-the-art factories for superior wood products","datePublished":"2024-09-26T08:31:39+00:00","dateModified":"2025-05-30T07:13:33+00:00","mainEntityOfPage":{"@id":"https:\/\/www.puidukoda.eu\/en\/company\/factories\/"},"wordCount":446,"publisher":{"@id":"https:\/\/www.puidukoda.eu\/#organization"},"image":{"@id":"https:\/\/www.puidukoda.eu\/en\/company\/factories\/#primaryimage"},"thumbnailUrl":"https:\/\/puidukoda.eu\/wp-content\/uploads\/2024\/09\/136a2589-1df4-4026-ac37-afb679261cb7-800x518.jpg","inLanguage":"en-US"},{"@type":"WebPage","@id":"https:\/\/www.puidukoda.eu\/en\/company\/factories\/","url":"https:\/\/www.puidukoda.eu\/en\/company\/factories\/","name":"Puidukoda Factories \u2013 Sustainable and Efficient Timber Production","isPartOf":{"@id":"https:\/\/www.puidukoda.eu\/#website"},"primaryImageOfPage":{"@id":"https:\/\/www.puidukoda.eu\/en\/company\/factories\/#primaryimage"},"image":{"@id":"https:\/\/www.puidukoda.eu\/en\/company\/factories\/#primaryimage"},"thumbnailUrl":"https:\/\/puidukoda.eu\/wp-content\/uploads\/2024\/09\/136a2589-1df4-4026-ac37-afb679261cb7-800x518.jpg","datePublished":"2024-09-26T08:31:39+00:00","dateModified":"2025-05-30T07:13:33+00:00","description":"Learn about Puidukoda's factories, focusing on sustainable production and high-quality timber manufacturing.","breadcrumb":{"@id":"https:\/\/www.puidukoda.eu\/en\/company\/factories\/#breadcrumb"},"inLanguage":"en-US","potentialAction":[{"@type":"ReadAction","target":["https:\/\/www.puidukoda.eu\/en\/company\/factories\/"]}]},{"@type":"ImageObject","inLanguage":"en-US","@id":"https:\/\/www.puidukoda.eu\/en\/company\/factories\/#primaryimage","url":"https:\/\/puidukoda.eu\/wp-content\/uploads\/2024\/09\/136a2589-1df4-4026-ac37-afb679261cb7-800x518.jpg","contentUrl":"https:\/\/puidukoda.eu\/wp-content\/uploads\/2024\/09\/136a2589-1df4-4026-ac37-afb679261cb7-800x518.jpg"},{"@type":"BreadcrumbList","@id":"https:\/\/www.puidukoda.eu\/en\/company\/factories\/#breadcrumb","itemListElement":[{"@type":"ListItem","position":1,"name":"Home","item":"https:\/\/www.puidukoda.eu\/en\/"},{"@type":"ListItem","position":2,"name":"Company","item":"https:\/\/www.puidukoda.eu\/en\/company\/"},{"@type":"ListItem","position":3,"name":"State-of-the-art factories for superior wood products"}]},{"@type":"WebSite","@id":"https:\/\/www.puidukoda.eu\/#website","url":"https:\/\/www.puidukoda.eu\/","name":"Puidukoda","description":"Wood for life","publisher":{"@id":"https:\/\/www.puidukoda.eu\/#organization"},"potentialAction":[{"@type":"SearchAction","target":{"@type":"EntryPoint","urlTemplate":"https:\/\/www.puidukoda.eu\/?s={search_term_string}"},"query-input":{"@type":"PropertyValueSpecification","valueRequired":true,"valueName":"search_term_string"}}],"inLanguage":"en-US"},{"@type":"Organization","@id":"https:\/\/www.puidukoda.eu\/#organization","name":"Puidukoda","url":"https:\/\/www.puidukoda.eu\/","logo":{"@type":"ImageObject","inLanguage":"en-US","@id":"https:\/\/www.puidukoda.eu\/#\/schema\/logo\/image\/","url":"https:\/\/www.puidukoda.eu\/wp-content\/uploads\/2024\/09\/Puidukoda-logo_RGB.png","contentUrl":"https:\/\/www.puidukoda.eu\/wp-content\/uploads\/2024\/09\/Puidukoda-logo_RGB.png","width":700,"height":220,"caption":"Puidukoda"},"image":{"@id":"https:\/\/www.puidukoda.eu\/#\/schema\/logo\/image\/"},"sameAs":["https:\/\/www.facebook.com\/puidukoda\/"]}]}},"_links":{"self":[{"href":"https:\/\/www.puidukoda.eu\/en\/wp-json\/wp\/v2\/pages\/9592","targetHints":{"allow":["GET"]}}],"collection":[{"href":"https:\/\/www.puidukoda.eu\/en\/wp-json\/wp\/v2\/pages"}],"about":[{"href":"https:\/\/www.puidukoda.eu\/en\/wp-json\/wp\/v2\/types\/page"}],"author":[{"embeddable":true,"href":"https:\/\/www.puidukoda.eu\/en\/wp-json\/wp\/v2\/users\/5"}],"replies":[{"embeddable":true,"href":"https:\/\/www.puidukoda.eu\/en\/wp-json\/wp\/v2\/comments?post=9592"}],"version-history":[{"count":26,"href":"https:\/\/www.puidukoda.eu\/en\/wp-json\/wp\/v2\/pages\/9592\/revisions"}],"predecessor-version":[{"id":12425,"href":"https:\/\/www.puidukoda.eu\/en\/wp-json\/wp\/v2\/pages\/9592\/revisions\/12425"}],"up":[{"embeddable":true,"href":"https:\/\/www.puidukoda.eu\/en\/wp-json\/wp\/v2\/pages\/8929"}],"wp:attachment":[{"href":"https:\/\/www.puidukoda.eu\/en\/wp-json\/wp\/v2\/media?parent=9592"}],"curies":[{"name":"wp","href":"https:\/\/api.w.org\/{rel}","templated":true}]}}