{"id":10189,"date":"2024-10-07T17:44:24","date_gmt":"2024-10-07T17:44:24","guid":{"rendered":"https:\/\/puidukoda.eu\/product\/kontrast-sisevoodrilaud\/"},"modified":"2026-02-20T10:01:26","modified_gmt":"2026-02-20T10:01:26","slug":"kontrast","status":"publish","type":"product","link":"https:\/\/www.puidukoda.eu\/en\/product\/kontrast\/","title":{"rendered":"KONTRAST"},"content":{"rendered":"","protected":false},"excerpt":{"rendered":"<p><img loading=\"lazy\" decoding=\"async\" class=\"alignnone wp-image-11862\" src=\"https:\/\/www.puidukoda.eu\/wp-content\/uploads\/2024\/10\/PTGV.png\" alt=\"\" width=\"395\" height=\"106\" \/><\/p>\n<p>Kontrast painted wood profiles with the aged and rustic surface treatment, suitable for interior use. Kontrast creates charming barnwood effect and can be installed both vertical and horizontal. Decorative surface and easy to clean, no dust or dirt problems. Kontrast painting is done with two color tones, one for the base layer and the other for finishing layer, that brings out the wood pattern and structure. Kontrast is painted with waterbased acrylic paint Nordica Eko, that is environmentally friendly product.<\/p>\n","protected":false},"featured_media":10849,"template":"","meta":{"_acf_changed":false},"product_brand":[],"product_cat":[132],"product_tag":[],"class_list":{"0":"post-10189","1":"product","2":"type-product","3":"status-publish","4":"has-post-thumbnail","6":"product_cat-interior","8":"first","9":"instock","10":"shipping-taxable","11":"product-type-simple"},"acf":[],"yoast_head":"<!-- This site is optimized with the Yoast SEO plugin v27.3 - https:\/\/yoast.com\/product\/yoast-seo-wordpress\/ -->\n<title>Kontrast \u2013 Stylish and Durable Timber Cladding - Puidukoda<\/title>\n<meta name=\"description\" content=\"Kontrast offers stylish and durable timber cladding and long-lasting protection. Explore premium timber solutions from Puidukoda.\" \/>\n<meta name=\"robots\" content=\"index, follow, max-snippet:-1, max-image-preview:large, max-video-preview:-1\" \/>\n<link rel=\"canonical\" href=\"https:\/\/www.puidukoda.eu\/en\/product\/kontrast\/\" \/>\n<meta property=\"og:locale\" content=\"en_US\" \/>\n<meta property=\"og:type\" content=\"article\" \/>\n<meta property=\"og:title\" content=\"Kontrast \u2013 Stylish and Durable Timber Cladding - Puidukoda\" \/>\n<meta property=\"og:description\" content=\"Kontrast offers stylish and durable timber cladding and long-lasting protection. Explore premium timber solutions from Puidukoda.\" \/>\n<meta property=\"og:url\" content=\"https:\/\/www.puidukoda.eu\/en\/product\/kontrast\/\" \/>\n<meta property=\"og:site_name\" content=\"Puidukoda\" \/>\n<meta property=\"article:publisher\" content=\"https:\/\/www.facebook.com\/puidukoda\/\" \/>\n<meta property=\"article:modified_time\" content=\"2026-02-20T10:01:26+00:00\" \/>\n<meta property=\"og:image\" content=\"https:\/\/www.puidukoda.eu\/wp-content\/uploads\/2024\/10\/kontrast_esipilt-1-scaled.jpg\" \/>\n\t<meta property=\"og:image:width\" content=\"2560\" \/>\n\t<meta property=\"og:image:height\" content=\"2560\" \/>\n\t<meta property=\"og:image:type\" content=\"image\/jpeg\" \/>\n<meta name=\"twitter:card\" content=\"summary_large_image\" \/>\n<meta name=\"twitter:label1\" content=\"Est. reading time\" \/>\n\t<meta name=\"twitter:data1\" content=\"1 minute\" \/>\n<script type=\"application\/ld+json\" class=\"yoast-schema-graph\">{\"@context\":\"https:\\\/\\\/schema.org\",\"@graph\":[{\"@type\":[\"WebPage\",\"ItemPage\"],\"@id\":\"https:\\\/\\\/www.puidukoda.eu\\\/en\\\/product\\\/kontrast\\\/\",\"url\":\"https:\\\/\\\/www.puidukoda.eu\\\/en\\\/product\\\/kontrast\\\/\",\"name\":\"Kontrast \u2013 Stylish and Durable Timber Cladding - Puidukoda\",\"isPartOf\":{\"@id\":\"https:\\\/\\\/www.puidukoda.eu\\\/#website\"},\"primaryImageOfPage\":{\"@id\":\"https:\\\/\\\/www.puidukoda.eu\\\/en\\\/product\\\/kontrast\\\/#primaryimage\"},\"image\":{\"@id\":\"https:\\\/\\\/www.puidukoda.eu\\\/en\\\/product\\\/kontrast\\\/#primaryimage\"},\"thumbnailUrl\":\"https:\\\/\\\/www.puidukoda.eu\\\/wp-content\\\/uploads\\\/2024\\\/10\\\/kontrast_esipilt-1-scaled.jpg\",\"datePublished\":\"2024-10-07T17:44:24+00:00\",\"dateModified\":\"2026-02-20T10:01:26+00:00\",\"description\":\"Kontrast offers stylish and durable timber cladding and long-lasting protection. Explore premium timber solutions from Puidukoda.\",\"breadcrumb\":{\"@id\":\"https:\\\/\\\/www.puidukoda.eu\\\/en\\\/product\\\/kontrast\\\/#breadcrumb\"},\"inLanguage\":\"en-US\",\"potentialAction\":[{\"@type\":\"ReadAction\",\"target\":[\"https:\\\/\\\/www.puidukoda.eu\\\/en\\\/product\\\/kontrast\\\/\"]}]},{\"@type\":\"ImageObject\",\"inLanguage\":\"en-US\",\"@id\":\"https:\\\/\\\/www.puidukoda.eu\\\/en\\\/product\\\/kontrast\\\/#primaryimage\",\"url\":\"https:\\\/\\\/www.puidukoda.eu\\\/wp-content\\\/uploads\\\/2024\\\/10\\\/kontrast_esipilt-1-scaled.jpg\",\"contentUrl\":\"https:\\\/\\\/www.puidukoda.eu\\\/wp-content\\\/uploads\\\/2024\\\/10\\\/kontrast_esipilt-1-scaled.jpg\",\"width\":2560,\"height\":2560,\"caption\":\"Sisevoodri- ja p\u00f5randalaud KONTRAST h\u00f6\u00f6veldatud. Puidukoda.\"},{\"@type\":\"BreadcrumbList\",\"@id\":\"https:\\\/\\\/www.puidukoda.eu\\\/en\\\/product\\\/kontrast\\\/#breadcrumb\",\"itemListElement\":[{\"@type\":\"ListItem\",\"position\":1,\"name\":\"Home\",\"item\":\"https:\\\/\\\/www.puidukoda.eu\\\/en\\\/\"},{\"@type\":\"ListItem\",\"position\":2,\"name\":\"KONTRAST\"}]},{\"@type\":\"WebSite\",\"@id\":\"https:\\\/\\\/www.puidukoda.eu\\\/#website\",\"url\":\"https:\\\/\\\/www.puidukoda.eu\\\/\",\"name\":\"Puidukoda\",\"description\":\"Wood for life\",\"publisher\":{\"@id\":\"https:\\\/\\\/www.puidukoda.eu\\\/#organization\"},\"potentialAction\":[{\"@type\":\"SearchAction\",\"target\":{\"@type\":\"EntryPoint\",\"urlTemplate\":\"https:\\\/\\\/www.puidukoda.eu\\\/?s={search_term_string}\"},\"query-input\":{\"@type\":\"PropertyValueSpecification\",\"valueRequired\":true,\"valueName\":\"search_term_string\"}}],\"inLanguage\":\"en-US\"},{\"@type\":\"Organization\",\"@id\":\"https:\\\/\\\/www.puidukoda.eu\\\/#organization\",\"name\":\"Puidukoda\",\"url\":\"https:\\\/\\\/www.puidukoda.eu\\\/\",\"logo\":{\"@type\":\"ImageObject\",\"inLanguage\":\"en-US\",\"@id\":\"https:\\\/\\\/www.puidukoda.eu\\\/#\\\/schema\\\/logo\\\/image\\\/\",\"url\":\"https:\\\/\\\/www.puidukoda.eu\\\/wp-content\\\/uploads\\\/2024\\\/09\\\/Puidukoda-logo_RGB.png\",\"contentUrl\":\"https:\\\/\\\/www.puidukoda.eu\\\/wp-content\\\/uploads\\\/2024\\\/09\\\/Puidukoda-logo_RGB.png\",\"width\":700,\"height\":220,\"caption\":\"Puidukoda\"},\"image\":{\"@id\":\"https:\\\/\\\/www.puidukoda.eu\\\/#\\\/schema\\\/logo\\\/image\\\/\"},\"sameAs\":[\"https:\\\/\\\/www.facebook.com\\\/puidukoda\\\/\"]}]}<\/script>\n<!-- \/ Yoast SEO plugin. -->","yoast_head_json":{"title":"Kontrast \u2013 Stylish and Durable Timber Cladding - Puidukoda","description":"Kontrast offers stylish and durable timber cladding and long-lasting protection. Explore premium timber solutions from Puidukoda.","robots":{"index":"index","follow":"follow","max-snippet":"max-snippet:-1","max-image-preview":"max-image-preview:large","max-video-preview":"max-video-preview:-1"},"canonical":"https:\/\/www.puidukoda.eu\/en\/product\/kontrast\/","og_locale":"en_US","og_type":"article","og_title":"Kontrast \u2013 Stylish and Durable Timber Cladding - Puidukoda","og_description":"Kontrast offers stylish and durable timber cladding and long-lasting protection. Explore premium timber solutions from Puidukoda.","og_url":"https:\/\/www.puidukoda.eu\/en\/product\/kontrast\/","og_site_name":"Puidukoda","article_publisher":"https:\/\/www.facebook.com\/puidukoda\/","article_modified_time":"2026-02-20T10:01:26+00:00","og_image":[{"width":2560,"height":2560,"url":"https:\/\/www.puidukoda.eu\/wp-content\/uploads\/2024\/10\/kontrast_esipilt-1-scaled.jpg","type":"image\/jpeg"}],"twitter_card":"summary_large_image","twitter_misc":{"Est. reading time":"1 minute"},"schema":{"@context":"https:\/\/schema.org","@graph":[{"@type":["WebPage","ItemPage"],"@id":"https:\/\/www.puidukoda.eu\/en\/product\/kontrast\/","url":"https:\/\/www.puidukoda.eu\/en\/product\/kontrast\/","name":"Kontrast \u2013 Stylish and Durable Timber Cladding - Puidukoda","isPartOf":{"@id":"https:\/\/www.puidukoda.eu\/#website"},"primaryImageOfPage":{"@id":"https:\/\/www.puidukoda.eu\/en\/product\/kontrast\/#primaryimage"},"image":{"@id":"https:\/\/www.puidukoda.eu\/en\/product\/kontrast\/#primaryimage"},"thumbnailUrl":"https:\/\/www.puidukoda.eu\/wp-content\/uploads\/2024\/10\/kontrast_esipilt-1-scaled.jpg","datePublished":"2024-10-07T17:44:24+00:00","dateModified":"2026-02-20T10:01:26+00:00","description":"Kontrast offers stylish and durable timber cladding and long-lasting protection. Explore premium timber solutions from Puidukoda.","breadcrumb":{"@id":"https:\/\/www.puidukoda.eu\/en\/product\/kontrast\/#breadcrumb"},"inLanguage":"en-US","potentialAction":[{"@type":"ReadAction","target":["https:\/\/www.puidukoda.eu\/en\/product\/kontrast\/"]}]},{"@type":"ImageObject","inLanguage":"en-US","@id":"https:\/\/www.puidukoda.eu\/en\/product\/kontrast\/#primaryimage","url":"https:\/\/www.puidukoda.eu\/wp-content\/uploads\/2024\/10\/kontrast_esipilt-1-scaled.jpg","contentUrl":"https:\/\/www.puidukoda.eu\/wp-content\/uploads\/2024\/10\/kontrast_esipilt-1-scaled.jpg","width":2560,"height":2560,"caption":"Sisevoodri- ja p\u00f5randalaud KONTRAST h\u00f6\u00f6veldatud. Puidukoda."},{"@type":"BreadcrumbList","@id":"https:\/\/www.puidukoda.eu\/en\/product\/kontrast\/#breadcrumb","itemListElement":[{"@type":"ListItem","position":1,"name":"Home","item":"https:\/\/www.puidukoda.eu\/en\/"},{"@type":"ListItem","position":2,"name":"KONTRAST"}]},{"@type":"WebSite","@id":"https:\/\/www.puidukoda.eu\/#website","url":"https:\/\/www.puidukoda.eu\/","name":"Puidukoda","description":"Wood for life","publisher":{"@id":"https:\/\/www.puidukoda.eu\/#organization"},"potentialAction":[{"@type":"SearchAction","target":{"@type":"EntryPoint","urlTemplate":"https:\/\/www.puidukoda.eu\/?s={search_term_string}"},"query-input":{"@type":"PropertyValueSpecification","valueRequired":true,"valueName":"search_term_string"}}],"inLanguage":"en-US"},{"@type":"Organization","@id":"https:\/\/www.puidukoda.eu\/#organization","name":"Puidukoda","url":"https:\/\/www.puidukoda.eu\/","logo":{"@type":"ImageObject","inLanguage":"en-US","@id":"https:\/\/www.puidukoda.eu\/#\/schema\/logo\/image\/","url":"https:\/\/www.puidukoda.eu\/wp-content\/uploads\/2024\/09\/Puidukoda-logo_RGB.png","contentUrl":"https:\/\/www.puidukoda.eu\/wp-content\/uploads\/2024\/09\/Puidukoda-logo_RGB.png","width":700,"height":220,"caption":"Puidukoda"},"image":{"@id":"https:\/\/www.puidukoda.eu\/#\/schema\/logo\/image\/"},"sameAs":["https:\/\/www.facebook.com\/puidukoda\/"]}]}},"_links":{"self":[{"href":"https:\/\/www.puidukoda.eu\/en\/wp-json\/wp\/v2\/product\/10189","targetHints":{"allow":["GET"]}}],"collection":[{"href":"https:\/\/www.puidukoda.eu\/en\/wp-json\/wp\/v2\/product"}],"about":[{"href":"https:\/\/www.puidukoda.eu\/en\/wp-json\/wp\/v2\/types\/product"}],"wp:featuredmedia":[{"embeddable":true,"href":"https:\/\/www.puidukoda.eu\/en\/wp-json\/wp\/v2\/media\/10849"}],"wp:attachment":[{"href":"https:\/\/www.puidukoda.eu\/en\/wp-json\/wp\/v2\/media?parent=10189"}],"wp:term":[{"taxonomy":"product_brand","embeddable":true,"href":"https:\/\/www.puidukoda.eu\/en\/wp-json\/wp\/v2\/product_brand?post=10189"},{"taxonomy":"product_cat","embeddable":true,"href":"https:\/\/www.puidukoda.eu\/en\/wp-json\/wp\/v2\/product_cat?post=10189"},{"taxonomy":"product_tag","embeddable":true,"href":"https:\/\/www.puidukoda.eu\/en\/wp-json\/wp\/v2\/product_tag?post=10189"}],"curies":[{"name":"wp","href":"https:\/\/api.w.org\/{rel}","templated":true}]}}