{"id":9331,"date":"2024-07-23T16:32:30","date_gmt":"2024-07-23T16:32:30","guid":{"rendered":"https:\/\/puidukoda.eu\/?post_type=product&#038;p=9331"},"modified":"2025-10-21T09:47:45","modified_gmt":"2025-10-21T09:47:45","slug":"nordic","status":"publish","type":"product","link":"https:\/\/www.puidukoda.eu\/en\/product\/nordic\/","title":{"rendered":"NORDIC"},"content":{"rendered":"","protected":false},"excerpt":{"rendered":"<p><img loading=\"lazy\" decoding=\"async\" class=\"alignnone wp-image-11868\" src=\"https:\/\/www.puidukoda.eu\/wp-content\/uploads\/2024\/07\/sts_-1-800x249.png\" alt=\"\" width=\"395\" height=\"123\" srcset=\"https:\/\/www.puidukoda.eu\/wp-content\/uploads\/2024\/07\/sts_-1-800x249.png 800w, https:\/\/www.puidukoda.eu\/wp-content\/uploads\/2024\/07\/sts_-1-1024x319.png 1024w, https:\/\/www.puidukoda.eu\/wp-content\/uploads\/2024\/07\/sts_-1-768x239.png 768w, https:\/\/www.puidukoda.eu\/wp-content\/uploads\/2024\/07\/sts_-1.png 1415w\" sizes=\"auto, (max-width: 395px) 100vw, 395px\" \/><\/p>\n<p><span data-teams=\"true\"><span class=\"ui-provider a b c d e f g h i j k l m n o p q r s t u v w x y z ab ac ae af ag ah ai aj ak\" dir=\"ltr\">The STS profile is the perfect choice for those looking to create a stylish and contemporary atmosphere. Its clean lines and minimalist design make it an excellent fit for modern interiors. The STS profile not only enhances the visual appeal of a space but also provides a durable and practical solution for interior design. The new interior collection offers five different shades \u2013 Stockholm White, Fossil Gray, Duck Egg Blue, Moss Gray, and Elegant Charcoal. The boards are finished with two coats of paint, ensuring a high-quality finish that endures over time.<\/span><\/span><\/p>\n<p><img loading=\"lazy\" decoding=\"async\" class=\"alignnone wp-image-11866\" src=\"https:\/\/www.puidukoda.eu\/wp-content\/uploads\/2024\/07\/stk-1-800x243.png\" alt=\"\" width=\"395\" height=\"120\" srcset=\"https:\/\/www.puidukoda.eu\/wp-content\/uploads\/2024\/07\/stk-1-800x243.png 800w, https:\/\/www.puidukoda.eu\/wp-content\/uploads\/2024\/07\/stk-1-1024x311.png 1024w, https:\/\/www.puidukoda.eu\/wp-content\/uploads\/2024\/07\/stk-1-768x233.png 768w, https:\/\/www.puidukoda.eu\/wp-content\/uploads\/2024\/07\/stk-1.png 1038w\" sizes=\"auto, (max-width: 395px) 100vw, 395px\" \/><\/p>\n<p>The STK profile is ideal for adding texture and depth. Whether the goal is renovating a cozy summer house or enhancing a modern home, the STK profile offers a unique blend of elegance and functionality. The new interior collection features five different shades \u2013 Stockholm White, Fossil Gray, Duck Egg Blue, Moss Gray, and Elegant Charcoal. The boards are finished with two coats of paint, ensuring a high-quality finish that stands the test of time.<\/p>\n<p>&nbsp;<\/p>\n","protected":false},"featured_media":12831,"template":"","meta":{"_acf_changed":false},"product_brand":[],"product_cat":[132],"product_tag":[],"class_list":{"0":"post-9331","1":"product","2":"type-product","3":"status-publish","4":"has-post-thumbnail","6":"product_cat-interior","8":"first","9":"instock","10":"shipping-taxable","11":"product-type-simple"},"acf":[],"yoast_head":"<!-- This site is optimized with the Yoast SEO plugin v27.4 - https:\/\/yoast.com\/product\/yoast-seo-wordpress\/ -->\n<title>FineLine STS \u2013 Elegant and Durable Timber Cladding | Puidukoda<\/title>\n<meta name=\"description\" content=\"FineLine STS offers elegant and durable timber cladding, perfect for modern exteriors. Discover premium timber solutions from Puidukoda for lasting quality.\" \/>\n<meta name=\"robots\" content=\"index, follow, max-snippet:-1, max-image-preview:large, max-video-preview:-1\" \/>\n<link rel=\"canonical\" href=\"https:\/\/www.puidukoda.eu\/en\/product\/nordic\/\" \/>\n<meta property=\"og:locale\" content=\"en_US\" \/>\n<meta property=\"og:type\" content=\"article\" \/>\n<meta property=\"og:title\" content=\"FineLine STS \u2013 Elegant and Durable Timber Cladding | Puidukoda\" \/>\n<meta property=\"og:description\" content=\"FineLine STS offers elegant and durable timber cladding, perfect for modern exteriors. Discover premium timber solutions from Puidukoda for lasting quality.\" \/>\n<meta property=\"og:url\" content=\"https:\/\/www.puidukoda.eu\/en\/product\/nordic\/\" \/>\n<meta property=\"og:site_name\" content=\"Puidukoda\" \/>\n<meta property=\"article:publisher\" content=\"https:\/\/www.facebook.com\/puidukoda\/\" \/>\n<meta property=\"article:modified_time\" content=\"2025-10-21T09:47:45+00:00\" \/>\n<meta property=\"og:image\" content=\"https:\/\/www.puidukoda.eu\/wp-content\/uploads\/2024\/07\/sts_esipilt-4.jpg\" \/>\n\t<meta property=\"og:image:width\" content=\"1600\" \/>\n\t<meta property=\"og:image:height\" content=\"1200\" \/>\n\t<meta property=\"og:image:type\" content=\"image\/jpeg\" \/>\n<meta name=\"twitter:card\" content=\"summary_large_image\" \/>\n<meta name=\"twitter:label1\" content=\"Est. reading time\" \/>\n\t<meta name=\"twitter:data1\" content=\"1 minute\" \/>\n<script type=\"application\/ld+json\" class=\"yoast-schema-graph\">{\"@context\":\"https:\\\/\\\/schema.org\",\"@graph\":[{\"@type\":[\"WebPage\",\"ItemPage\"],\"@id\":\"https:\\\/\\\/www.puidukoda.eu\\\/en\\\/product\\\/nordic\\\/\",\"url\":\"https:\\\/\\\/www.puidukoda.eu\\\/en\\\/product\\\/nordic\\\/\",\"name\":\"FineLine STS \u2013 Elegant and Durable Timber Cladding | Puidukoda\",\"isPartOf\":{\"@id\":\"https:\\\/\\\/www.puidukoda.eu\\\/#website\"},\"primaryImageOfPage\":{\"@id\":\"https:\\\/\\\/www.puidukoda.eu\\\/en\\\/product\\\/nordic\\\/#primaryimage\"},\"image\":{\"@id\":\"https:\\\/\\\/www.puidukoda.eu\\\/en\\\/product\\\/nordic\\\/#primaryimage\"},\"thumbnailUrl\":\"https:\\\/\\\/www.puidukoda.eu\\\/wp-content\\\/uploads\\\/2024\\\/07\\\/STS_esipilt-5-scaled.jpg\",\"datePublished\":\"2024-07-23T16:32:30+00:00\",\"dateModified\":\"2025-10-21T09:47:45+00:00\",\"description\":\"FineLine STS offers elegant and durable timber cladding, perfect for modern exteriors. Discover premium timber solutions from Puidukoda for lasting quality.\",\"breadcrumb\":{\"@id\":\"https:\\\/\\\/www.puidukoda.eu\\\/en\\\/product\\\/nordic\\\/#breadcrumb\"},\"inLanguage\":\"en-US\",\"potentialAction\":[{\"@type\":\"ReadAction\",\"target\":[\"https:\\\/\\\/www.puidukoda.eu\\\/en\\\/product\\\/nordic\\\/\"]}]},{\"@type\":\"ImageObject\",\"inLanguage\":\"en-US\",\"@id\":\"https:\\\/\\\/www.puidukoda.eu\\\/en\\\/product\\\/nordic\\\/#primaryimage\",\"url\":\"https:\\\/\\\/www.puidukoda.eu\\\/wp-content\\\/uploads\\\/2024\\\/07\\\/STS_esipilt-5-scaled.jpg\",\"contentUrl\":\"https:\\\/\\\/www.puidukoda.eu\\\/wp-content\\\/uploads\\\/2024\\\/07\\\/STS_esipilt-5-scaled.jpg\",\"width\":2560,\"height\":1558,\"caption\":\"Sisevoodri- ja p\u00f5randalaud NORDIC h\u00f6\u00f6veldatud. Puidukoda.\"},{\"@type\":\"BreadcrumbList\",\"@id\":\"https:\\\/\\\/www.puidukoda.eu\\\/en\\\/product\\\/nordic\\\/#breadcrumb\",\"itemListElement\":[{\"@type\":\"ListItem\",\"position\":1,\"name\":\"Home\",\"item\":\"https:\\\/\\\/www.puidukoda.eu\\\/en\\\/\"},{\"@type\":\"ListItem\",\"position\":2,\"name\":\"NORDIC\"}]},{\"@type\":\"WebSite\",\"@id\":\"https:\\\/\\\/www.puidukoda.eu\\\/#website\",\"url\":\"https:\\\/\\\/www.puidukoda.eu\\\/\",\"name\":\"Puidukoda\",\"description\":\"Wood for life\",\"publisher\":{\"@id\":\"https:\\\/\\\/www.puidukoda.eu\\\/#organization\"},\"potentialAction\":[{\"@type\":\"SearchAction\",\"target\":{\"@type\":\"EntryPoint\",\"urlTemplate\":\"https:\\\/\\\/www.puidukoda.eu\\\/?s={search_term_string}\"},\"query-input\":{\"@type\":\"PropertyValueSpecification\",\"valueRequired\":true,\"valueName\":\"search_term_string\"}}],\"inLanguage\":\"en-US\"},{\"@type\":\"Organization\",\"@id\":\"https:\\\/\\\/www.puidukoda.eu\\\/#organization\",\"name\":\"Puidukoda\",\"url\":\"https:\\\/\\\/www.puidukoda.eu\\\/\",\"logo\":{\"@type\":\"ImageObject\",\"inLanguage\":\"en-US\",\"@id\":\"https:\\\/\\\/www.puidukoda.eu\\\/#\\\/schema\\\/logo\\\/image\\\/\",\"url\":\"https:\\\/\\\/www.puidukoda.eu\\\/wp-content\\\/uploads\\\/2024\\\/09\\\/Puidukoda-logo_RGB.png\",\"contentUrl\":\"https:\\\/\\\/www.puidukoda.eu\\\/wp-content\\\/uploads\\\/2024\\\/09\\\/Puidukoda-logo_RGB.png\",\"width\":700,\"height\":220,\"caption\":\"Puidukoda\"},\"image\":{\"@id\":\"https:\\\/\\\/www.puidukoda.eu\\\/#\\\/schema\\\/logo\\\/image\\\/\"},\"sameAs\":[\"https:\\\/\\\/www.facebook.com\\\/puidukoda\\\/\"]}]}<\/script>\n<!-- \/ Yoast SEO plugin. -->","yoast_head_json":{"title":"FineLine STS \u2013 Elegant and Durable Timber Cladding | Puidukoda","description":"FineLine STS offers elegant and durable timber cladding, perfect for modern exteriors. Discover premium timber solutions from Puidukoda for lasting quality.","robots":{"index":"index","follow":"follow","max-snippet":"max-snippet:-1","max-image-preview":"max-image-preview:large","max-video-preview":"max-video-preview:-1"},"canonical":"https:\/\/www.puidukoda.eu\/en\/product\/nordic\/","og_locale":"en_US","og_type":"article","og_title":"FineLine STS \u2013 Elegant and Durable Timber Cladding | Puidukoda","og_description":"FineLine STS offers elegant and durable timber cladding, perfect for modern exteriors. Discover premium timber solutions from Puidukoda for lasting quality.","og_url":"https:\/\/www.puidukoda.eu\/en\/product\/nordic\/","og_site_name":"Puidukoda","article_publisher":"https:\/\/www.facebook.com\/puidukoda\/","article_modified_time":"2025-10-21T09:47:45+00:00","og_image":[{"width":1600,"height":1200,"url":"https:\/\/www.puidukoda.eu\/wp-content\/uploads\/2024\/07\/sts_esipilt-4.jpg","type":"image\/jpeg"}],"twitter_card":"summary_large_image","twitter_misc":{"Est. reading time":"1 minute"},"schema":{"@context":"https:\/\/schema.org","@graph":[{"@type":["WebPage","ItemPage"],"@id":"https:\/\/www.puidukoda.eu\/en\/product\/nordic\/","url":"https:\/\/www.puidukoda.eu\/en\/product\/nordic\/","name":"FineLine STS \u2013 Elegant and Durable Timber Cladding | Puidukoda","isPartOf":{"@id":"https:\/\/www.puidukoda.eu\/#website"},"primaryImageOfPage":{"@id":"https:\/\/www.puidukoda.eu\/en\/product\/nordic\/#primaryimage"},"image":{"@id":"https:\/\/www.puidukoda.eu\/en\/product\/nordic\/#primaryimage"},"thumbnailUrl":"https:\/\/www.puidukoda.eu\/wp-content\/uploads\/2024\/07\/STS_esipilt-5-scaled.jpg","datePublished":"2024-07-23T16:32:30+00:00","dateModified":"2025-10-21T09:47:45+00:00","description":"FineLine STS offers elegant and durable timber cladding, perfect for modern exteriors. Discover premium timber solutions from Puidukoda for lasting quality.","breadcrumb":{"@id":"https:\/\/www.puidukoda.eu\/en\/product\/nordic\/#breadcrumb"},"inLanguage":"en-US","potentialAction":[{"@type":"ReadAction","target":["https:\/\/www.puidukoda.eu\/en\/product\/nordic\/"]}]},{"@type":"ImageObject","inLanguage":"en-US","@id":"https:\/\/www.puidukoda.eu\/en\/product\/nordic\/#primaryimage","url":"https:\/\/www.puidukoda.eu\/wp-content\/uploads\/2024\/07\/STS_esipilt-5-scaled.jpg","contentUrl":"https:\/\/www.puidukoda.eu\/wp-content\/uploads\/2024\/07\/STS_esipilt-5-scaled.jpg","width":2560,"height":1558,"caption":"Sisevoodri- ja p\u00f5randalaud NORDIC h\u00f6\u00f6veldatud. Puidukoda."},{"@type":"BreadcrumbList","@id":"https:\/\/www.puidukoda.eu\/en\/product\/nordic\/#breadcrumb","itemListElement":[{"@type":"ListItem","position":1,"name":"Home","item":"https:\/\/www.puidukoda.eu\/en\/"},{"@type":"ListItem","position":2,"name":"NORDIC"}]},{"@type":"WebSite","@id":"https:\/\/www.puidukoda.eu\/#website","url":"https:\/\/www.puidukoda.eu\/","name":"Puidukoda","description":"Wood for life","publisher":{"@id":"https:\/\/www.puidukoda.eu\/#organization"},"potentialAction":[{"@type":"SearchAction","target":{"@type":"EntryPoint","urlTemplate":"https:\/\/www.puidukoda.eu\/?s={search_term_string}"},"query-input":{"@type":"PropertyValueSpecification","valueRequired":true,"valueName":"search_term_string"}}],"inLanguage":"en-US"},{"@type":"Organization","@id":"https:\/\/www.puidukoda.eu\/#organization","name":"Puidukoda","url":"https:\/\/www.puidukoda.eu\/","logo":{"@type":"ImageObject","inLanguage":"en-US","@id":"https:\/\/www.puidukoda.eu\/#\/schema\/logo\/image\/","url":"https:\/\/www.puidukoda.eu\/wp-content\/uploads\/2024\/09\/Puidukoda-logo_RGB.png","contentUrl":"https:\/\/www.puidukoda.eu\/wp-content\/uploads\/2024\/09\/Puidukoda-logo_RGB.png","width":700,"height":220,"caption":"Puidukoda"},"image":{"@id":"https:\/\/www.puidukoda.eu\/#\/schema\/logo\/image\/"},"sameAs":["https:\/\/www.facebook.com\/puidukoda\/"]}]}},"_links":{"self":[{"href":"https:\/\/www.puidukoda.eu\/en\/wp-json\/wp\/v2\/product\/9331","targetHints":{"allow":["GET"]}}],"collection":[{"href":"https:\/\/www.puidukoda.eu\/en\/wp-json\/wp\/v2\/product"}],"about":[{"href":"https:\/\/www.puidukoda.eu\/en\/wp-json\/wp\/v2\/types\/product"}],"wp:featuredmedia":[{"embeddable":true,"href":"https:\/\/www.puidukoda.eu\/en\/wp-json\/wp\/v2\/media\/12831"}],"wp:attachment":[{"href":"https:\/\/www.puidukoda.eu\/en\/wp-json\/wp\/v2\/media?parent=9331"}],"wp:term":[{"taxonomy":"product_brand","embeddable":true,"href":"https:\/\/www.puidukoda.eu\/en\/wp-json\/wp\/v2\/product_brand?post=9331"},{"taxonomy":"product_cat","embeddable":true,"href":"https:\/\/www.puidukoda.eu\/en\/wp-json\/wp\/v2\/product_cat?post=9331"},{"taxonomy":"product_tag","embeddable":true,"href":"https:\/\/www.puidukoda.eu\/en\/wp-json\/wp\/v2\/product_tag?post=9331"}],"curies":[{"name":"wp","href":"https:\/\/api.w.org\/{rel}","templated":true}]}}